{"id":142,"date":"2025-07-07T15:35:24","date_gmt":"2025-07-07T18:35:24","guid":{"rendered":"http:\/\/diagramanew.comercial.ws\/?page_id=142"},"modified":"2025-07-18T17:07:32","modified_gmt":"2025-07-18T20:07:32","slug":"blog","status":"publish","type":"page","link":"http:\/\/diagramanew.comercial.ws\/?page_id=142","title":{"rendered":"Blog"},"content":{"rendered":"\t\t<div data-elementor-type=\"wp-page\" data-elementor-id=\"142\" class=\"elementor elementor-142\" data-elementor-post-type=\"page\">\n\t\t\t\t<div class=\"elementor-element elementor-element-154f9d8 e-flex e-con-boxed e-con e-parent\" data-id=\"154f9d8\" data-element_type=\"container\" data-settings=\"{&quot;background_background&quot;:&quot;classic&quot;}\">\n\t\t\t\t\t<div class=\"e-con-inner\">\n\t\t<div class=\"elementor-element elementor-element-47e742a e-con-full e-flex e-con e-child\" data-id=\"47e742a\" data-element_type=\"container\">\n\t\t\t\t<div class=\"elementor-element elementor-element-73ce7a4 elementor-widget__width-initial elementor-widget elementor-widget-heading\" data-id=\"73ce7a4\" data-element_type=\"widget\" data-widget_type=\"heading.default\">\n\t\t\t\t\t<h2 class=\"elementor-heading-title elementor-size-default\">Informativo Diagrama<\/h2>\t\t\t\t<\/div>\n\t\t\t\t<\/div>\n\t\t<div class=\"elementor-element elementor-element-a7ddc72 e-con-full elementor-hidden-widescreen elementor-hidden-laptop elementor-hidden-desktop elementor-hidden-tablet elementor-hidden-mobile e-flex e-con e-child\" data-id=\"a7ddc72\" data-element_type=\"container\">\n\t\t\t\t<\/div>\n\t\t\t\t\t<\/div>\n\t\t\t\t<\/div>\n\t\t<div class=\"elementor-element elementor-element-0dbb895 e-flex e-con-boxed e-con e-parent\" data-id=\"0dbb895\" data-element_type=\"container\">\n\t\t\t\t\t<div class=\"e-con-inner\">\n\t\t\t\t<div class=\"elementor-element elementor-element-7e020b9 elementor-widget elementor-widget-heading\" data-id=\"7e020b9\" data-element_type=\"widget\" data-widget_type=\"heading.default\">\n\t\t\t\t\t<h2 class=\"elementor-heading-title elementor-size-default\">\u00daltimas Not\u00edcias<\/h2>\t\t\t\t<\/div>\n\t\t\t\t<div class=\"elementor-element elementor-element-f290350 elementor-grid-4 elementor-grid-tablet-2 elementor-grid-mobile-1 elementor-posts--thumbnail-top elementor-widget elementor-widget-posts\" data-id=\"f290350\" data-element_type=\"widget\" data-settings=\"{&quot;classic_columns&quot;:&quot;4&quot;,&quot;classic_columns_tablet&quot;:&quot;2&quot;,&quot;classic_columns_mobile&quot;:&quot;1&quot;,&quot;classic_row_gap&quot;:{&quot;unit&quot;:&quot;px&quot;,&quot;size&quot;:35,&quot;sizes&quot;:[]},&quot;classic_row_gap_widescreen&quot;:{&quot;unit&quot;:&quot;px&quot;,&quot;size&quot;:&quot;&quot;,&quot;sizes&quot;:[]},&quot;classic_row_gap_laptop&quot;:{&quot;unit&quot;:&quot;px&quot;,&quot;size&quot;:&quot;&quot;,&quot;sizes&quot;:[]},&quot;classic_row_gap_tablet&quot;:{&quot;unit&quot;:&quot;px&quot;,&quot;size&quot;:&quot;&quot;,&quot;sizes&quot;:[]},&quot;classic_row_gap_mobile&quot;:{&quot;unit&quot;:&quot;px&quot;,&quot;size&quot;:&quot;&quot;,&quot;sizes&quot;:[]}}\" data-widget_type=\"posts.classic\">\n\t\t\t\t<div class=\"elementor-widget-container\">\n\t\t\t\t\t\t\t<div class=\"elementor-posts-container elementor-posts elementor-posts--skin-classic elementor-grid\" role=\"list\">\n\t\t\t\t<article class=\"elementor-post elementor-grid-item post-478 post type-post status-publish format-standard hentry category-sem-categoria\" role=\"listitem\">\n\t\t\t\t<div class=\"elementor-post__text\">\n\t\t\t\t<h3 class=\"elementor-post__title\">\n\t\t\t<a href=\"http:\/\/diagramanew.comercial.ws\/?p=478\" >\n\t\t\t\tDados sem contexto n\u00e3o contam a hist\u00f3ria toda.\t\t\t<\/a>\n\t\t<\/h3>\n\t\t\t\t<div class=\"elementor-post__excerpt\">\n\t\t\t<p>Nos \u00faltimos meses, not\u00edcias de grandes empresas demitindo centenas de pessoas trouxeram de volta uma velha discuss\u00e3o: como medir produtividade de forma justa? A justificativa<\/p>\n\t\t<\/div>\n\t\t\n\t\t<a class=\"elementor-post__read-more\" href=\"http:\/\/diagramanew.comercial.ws\/?p=478\" aria-label=\"Leia mais sobre Dados sem contexto n\u00e3o contam a hist\u00f3ria toda.\" tabindex=\"-1\" >\n\t\t\tLeia mais \u00bb\t\t<\/a>\n\n\t\t\t\t<\/div>\n\t\t\t\t<\/article>\n\t\t\t\t<article class=\"elementor-post elementor-grid-item post-476 post type-post status-publish format-standard hentry category-sem-categoria\" role=\"listitem\">\n\t\t\t\t<div class=\"elementor-post__text\">\n\t\t\t\t<h3 class=\"elementor-post__title\">\n\t\t\t<a href=\"http:\/\/diagramanew.comercial.ws\/?p=476\" >\n\t\t\t\tPrimeira parcela do 13\u00ba sal\u00e1rio \u00e9 adiantada e deve ser paga at\u00e9 28 de novembro.\t\t\t<\/a>\n\t\t<\/h3>\n\t\t\t\t<div class=\"elementor-post__excerpt\">\n\t\t\t<p>Os empregadores t\u00eam at\u00e9 28 de novembro para pagar a primeira parcela do 13\u00ba sal\u00e1rio aos trabalhadores com carteira assinada. O valor inicial deve corresponder<\/p>\n\t\t<\/div>\n\t\t\n\t\t<a class=\"elementor-post__read-more\" href=\"http:\/\/diagramanew.comercial.ws\/?p=476\" aria-label=\"Leia mais sobre Primeira parcela do 13\u00ba sal\u00e1rio \u00e9 adiantada e deve ser paga at\u00e9 28 de novembro.\" tabindex=\"-1\" >\n\t\t\tLeia mais \u00bb\t\t<\/a>\n\n\t\t\t\t<\/div>\n\t\t\t\t<\/article>\n\t\t\t\t<article class=\"elementor-post elementor-grid-item post-474 post type-post status-publish format-standard hentry category-sem-categoria\" role=\"listitem\">\n\t\t\t\t<div class=\"elementor-post__text\">\n\t\t\t\t<h3 class=\"elementor-post__title\">\n\t\t\t<a href=\"http:\/\/diagramanew.comercial.ws\/?p=474\" >\n\t\t\t\tBrasil ocupa 2\u00ba lugar no ranking de maiores juros reais do mundo ap\u00f3s decis\u00e3o do Copom; veja lista de pa\u00edses.\t\t\t<\/a>\n\t\t<\/h3>\n\t\t\t\t<div class=\"elementor-post__excerpt\">\n\t\t\t<p>O Comit\u00ea de Pol\u00edtica Monet\u00e1ria (Copom) do Banco Central (BC) manteve na quarta-feira (5) a taxa Selic em 15% ao ano, o que garantiu ao<\/p>\n\t\t<\/div>\n\t\t\n\t\t<a class=\"elementor-post__read-more\" href=\"http:\/\/diagramanew.comercial.ws\/?p=474\" aria-label=\"Leia mais sobre Brasil ocupa 2\u00ba lugar no ranking de maiores juros reais do mundo ap\u00f3s decis\u00e3o do Copom; veja lista de pa\u00edses.\" tabindex=\"-1\" >\n\t\t\tLeia mais \u00bb\t\t<\/a>\n\n\t\t\t\t<\/div>\n\t\t\t\t<\/article>\n\t\t\t\t<article class=\"elementor-post elementor-grid-item post-472 post type-post status-publish format-standard hentry category-sem-categoria\" role=\"listitem\">\n\t\t\t\t<div class=\"elementor-post__text\">\n\t\t\t\t<h3 class=\"elementor-post__title\">\n\t\t\t<a href=\"http:\/\/diagramanew.comercial.ws\/?p=472\" >\n\t\t\t\tGovernan\u00e7a de dados fiscais: o novo pilar da Reforma Tribut\u00e1ria.\t\t\t<\/a>\n\t\t<\/h3>\n\t\t\t\t<div class=\"elementor-post__excerpt\">\n\t\t\t<p>A Reforma Tribut\u00e1ria em curso no Brasil n\u00e3o \u00e9 apenas uma redistribui\u00e7\u00e3o de al\u00edquotas ou uma reorganiza\u00e7\u00e3o de tributos, \u00e9, mas sim uma revolu\u00e7\u00e3o na<\/p>\n\t\t<\/div>\n\t\t\n\t\t<a class=\"elementor-post__read-more\" href=\"http:\/\/diagramanew.comercial.ws\/?p=472\" aria-label=\"Leia mais sobre Governan\u00e7a de dados fiscais: o novo pilar da Reforma Tribut\u00e1ria.\" tabindex=\"-1\" >\n\t\t\tLeia mais \u00bb\t\t<\/a>\n\n\t\t\t\t<\/div>\n\t\t\t\t<\/article>\n\t\t\t\t<article class=\"elementor-post elementor-grid-item post-470 post type-post status-publish format-standard hentry category-sem-categoria\" role=\"listitem\">\n\t\t\t\t<div class=\"elementor-post__text\">\n\t\t\t\t<h3 class=\"elementor-post__title\">\n\t\t\t<a href=\"http:\/\/diagramanew.comercial.ws\/?p=470\" >\n\t\t\t\tGest\u00e3o financeira: entender como sua empresa paga \u00e9 o primeiro passo para ganhar efici\u00eancia.\t\t\t<\/a>\n\t\t<\/h3>\n\t\t\t\t<div class=\"elementor-post__excerpt\">\n\t\t\t<p>O modo como uma empresa realiza seus pagamentos \u00e9 um indicador direto da maturidade da gest\u00e3o financeira. Mais do que uma simples rotina operacional, o<\/p>\n\t\t<\/div>\n\t\t\n\t\t<a class=\"elementor-post__read-more\" href=\"http:\/\/diagramanew.comercial.ws\/?p=470\" aria-label=\"Leia mais sobre Gest\u00e3o financeira: entender como sua empresa paga \u00e9 o primeiro passo para ganhar efici\u00eancia.\" tabindex=\"-1\" >\n\t\t\tLeia mais \u00bb\t\t<\/a>\n\n\t\t\t\t<\/div>\n\t\t\t\t<\/article>\n\t\t\t\t<article class=\"elementor-post elementor-grid-item post-468 post type-post status-publish format-standard hentry category-sem-categoria\" role=\"listitem\">\n\t\t\t\t<div class=\"elementor-post__text\">\n\t\t\t\t<h3 class=\"elementor-post__title\">\n\t\t\t<a href=\"http:\/\/diagramanew.comercial.ws\/?p=468\" >\n\t\t\t\tReceita Federal institui nova obriga\u00e7\u00e3o acess\u00f3ria com Formul\u00e1rio Digital de Benefici\u00e1rios Finais (e-BEF).\t\t\t<\/a>\n\t\t<\/h3>\n\t\t\t\t<div class=\"elementor-post__excerpt\">\n\t\t\t<p>A Receita Federal publicou na \u00faltima sexta-feira (31) a IN RFB n\u00ba 2.290\/2025, que altera a IN n\u00ba 2.119\/2022, e estabelece as regras para presta\u00e7\u00e3o<\/p>\n\t\t<\/div>\n\t\t\n\t\t<a class=\"elementor-post__read-more\" href=\"http:\/\/diagramanew.comercial.ws\/?p=468\" aria-label=\"Leia mais sobre Receita Federal institui nova obriga\u00e7\u00e3o acess\u00f3ria com Formul\u00e1rio Digital de Benefici\u00e1rios Finais (e-BEF).\" tabindex=\"-1\" >\n\t\t\tLeia mais \u00bb\t\t<\/a>\n\n\t\t\t\t<\/div>\n\t\t\t\t<\/article>\n\t\t\t\t<\/div>\n\t\t\n\t\t\t\t\t\t<\/div>\n\t\t\t\t<\/div>\n\t\t\t\t\t<\/div>\n\t\t\t\t<\/div>\n\t\t\t\t<\/div>\n\t\t","protected":false},"excerpt":{"rendered":"<p>Informativo Diagrama \u00daltimas Not\u00edcias<\/p>\n","protected":false},"author":1,"featured_media":0,"parent":0,"menu_order":0,"comment_status":"closed","ping_status":"closed","template":"elementor_header_footer","meta":{"footnotes":""},"class_list":["post-142","page","type-page","status-publish","hentry"],"_links":{"self":[{"href":"http:\/\/diagramanew.comercial.ws\/index.php?rest_route=\/wp\/v2\/pages\/142","targetHints":{"allow":["GET"]}}],"collection":[{"href":"http:\/\/diagramanew.comercial.ws\/index.php?rest_route=\/wp\/v2\/pages"}],"about":[{"href":"http:\/\/diagramanew.comercial.ws\/index.php?rest_route=\/wp\/v2\/types\/page"}],"author":[{"embeddable":true,"href":"http:\/\/diagramanew.comercial.ws\/index.php?rest_route=\/wp\/v2\/users\/1"}],"replies":[{"embeddable":true,"href":"http:\/\/diagramanew.comercial.ws\/index.php?rest_route=%2Fwp%2Fv2%2Fcomments&post=142"}],"version-history":[{"count":19,"href":"http:\/\/diagramanew.comercial.ws\/index.php?rest_route=\/wp\/v2\/pages\/142\/revisions"}],"predecessor-version":[{"id":302,"href":"http:\/\/diagramanew.comercial.ws\/index.php?rest_route=\/wp\/v2\/pages\/142\/revisions\/302"}],"wp:attachment":[{"href":"http:\/\/diagramanew.comercial.ws\/index.php?rest_route=%2Fwp%2Fv2%2Fmedia&parent=142"}],"curies":[{"name":"wp","href":"https:\/\/api.w.org\/{rel}","templated":true}]}}